{"id":74,"date":"2020-11-05T14:56:31","date_gmt":"2020-11-05T14:56:31","guid":{"rendered":"https:\/\/folkestyret.dk\/danmark\/?page_id=74"},"modified":"2026-02-26T17:56:57","modified_gmt":"2026-02-26T17:56:57","slug":"maerkesager","status":"publish","type":"page","link":"https:\/\/folkestyret.dk\/danmark\/maerkesager\/","title":{"rendered":"M\u00e6rkesager"},"content":{"rendered":"\n<p><strong>Den Gr\u00f8nne Omstilling<\/strong><\/p>\n\n\n\n<p>Den stadigt stigende befolkningstilv\u00e6kst i verdenssamfundene udg\u00f8r et st\u00f8rre og st\u00f8rre trussel mod vores eksistensgrundlag som helhed. Dette da det stigende antal mennesker p\u00e5 jorden tr\u00e6kker p\u00e5 flere og flere ressourcer og efterh\u00e5nden flere ressourcer end der er til r\u00e5dighed p\u00e5 jorden.<\/p>\n\n\n\n<p>S\u00e5ledes er vi n\u00f8d til straks at indf\u00f8re skrappe regler for at kunne regulere forbruget af disse.<\/p>\n\n\n\n<p>For at kunne adf\u00e6rdsregulere vores forbrug bliver fossile br\u00e6ndstoffer, som benzin, olie, gas, kul osv. p\u00e5lagt en v\u00e6sentlig afgiftsfor\u00f8gelse. Dette samtidig med at gr\u00f8nne l\u00f8sninger herunder solcelle- og vindm\u00f8lleinstallationer m.v. afgift- og moms fritages.<br><br>Ligeledes vil el-biler blive moms- og afgiftfritaget, alt imens diesel og benzinbiler vil blive p\u00e5lagt endnu h\u00f8jere C02 afgifter.<br><br><strong>Landbrug og F\u00f8devarer<\/strong> &#8211; Fra jord til bord!<br><br>Lokale, &#8220;gr\u00f8nne&#8221;, &#8220;rene&#8221; og sunde f\u00f8devarer uden tils\u00e6tnings- og farvestoffer vil blive afgift- og momsfritaget alt imens importerede f\u00f8devarer der &#8220;modnes&#8221; p\u00e5 &#8220;autobahnen&#8221; undervejs til supermarkedernes hylder vil blive p\u00e5lagt differentierede afgifter og moms. S\u00e5ledes vil sukkerfyldte l\u00e6skedrikke, herunder sodavand, juicer osv. alt andet lige blive dyrere, alt imens \u00f8kologisk fremstillede f\u00f8de- og drikkevarer, fremstillet i n\u00e6romr\u00e5derne blive billigere.<br><br><strong>N\u00e6rdemokrati<\/strong><br><br>Samfundet skal decentraliseres s\u00e5ledes at n\u00e6rheden genskabes p\u00e5 gader og str\u00e6der i det ganske land. <br><br><strong>Regionerne<\/strong><br>Et godt sted at begynde med decentralisering af samfundet er ved at om-\/nedl\u00e6gge Regionerne og dets Sundhedssystemer s\u00e5ledes at sundhedspersonalet igen kommer t\u00e6t p\u00e5 borgere i deres lokale milj\u00f8er med reetablering af lokale syge-, sundheds- og l\u00e6gehuse m.v.<br><br><strong>EU<\/strong><br>Den Europ\u00e6iske Union (EU) er blevet klods om benet p\u00e5 flere og flere af dets medlemsstater.  Magtens Elite, Industriens lobbyister og dets allierede har for stor indflydelse i Bruxelles hvorfor de ellers, til tider, gode tanker og ideer, om end de i udpr\u00e6get grad er teoretiske og sv\u00e6rt integrerbare, gang p\u00e5 gang strander i s\u00e6rinteresser, pengeinteresser og i lobbyisternes og deres interesseorganisationers blokeringer heraf. Danmark vil, ligesom England, kunne fungere s\u00e5vel inden for EU som uden for EU, uden at tabe anseelse, magt og momentum, hvorfor Folkestyret.dk vil freml\u00e6gge et krav om udmeldelse af EU. <br><br><strong>Indvandring<\/strong><\/p>\n\n\n\n<p>Man skal have arbejdstilladelse eller dansk personnummerbevis for at kunne bo, opholde og arbejde i Danmark. S\u00e5ledes er d\u00f8ren \u00e5ben for alle, ikke etniske danskere der \u00f8nsker at tilflytte og arbejde i Danmark. Dog skal de kunne dokumentere at kunne fors\u00f8rge sig selv i minimum 5 \u00e5r for at kunne have opholdstilladelse i Danmark. Efter 5 \u00e5rs fast  stattebetalende fuldtidsarbejde i en skattebetalende virksomhed i Danmark, kan ny-danskeren, men ren straffeattest, s\u00f8ge om statsborgerskab og s\u00e5ledes opn\u00e5 de samme rettigheder som etniske danskere opretholder.<\/p>\n\n\n\n<p><strong>Fordelingspolitik<\/strong><br><br>Man skal yde for at kunne nyde.  S\u00e5ledes vil det altid v\u00e6re mere \u00f8konomisk fordelagtigt at arbejde og bidrage til samfundet og mindre fordelagtigt at g\u00e5 ledig uden arbejde. Folk uden for arbejdsmarkedet, pensionister, arbejdsledige mv. vil oppeb\u00e6re en borgerl\u00f8n der g\u00f8r det muligt at have tag over hovedet og mad p\u00e5 bordet.<\/p>\n\n\n\n<p>Der vil s\u00e5ledes altid v\u00e6re en b\u00e6rende h\u00e5nd under de svageste i vores samfund, herunder de uarbejdsdygtige, de handicappede m.fl.<br><br><strong>Skattesystem<\/strong><\/p>\n\n\n\n<p>Eksisterende skattemodel og skattesystem er vokset sig over hovedet og er s\u00e5ledes blevet en klods p\u00e5 lerf\u00f8dder som ingen mere kan f\u00f8lge men som i st\u00f8rre og st\u00f8rre grad er ved et udvikle sig til et belastning, udgift og en tikkende bombe for samfundet, fremfor det inddrivningssystem der skal sikre det Danske Velf\u00e6rdssystem dets &#8220;indt\u00e6gtsgrundlag&#8221;.<br><br>S\u00e5ledes udfases det samlede &#8220;kompleks af skatte-, moms, afgift- og st\u00f8ttesystemer&#8221; til fordel for en helt ny enkel og gennemskuelig skattemodel &#8211; <strong>Transaktionsbeskatning.<\/strong><br><br>Fremover vil alle offentlige aktiviteter blive finansieret ved inddrivelse af transaktionsskatter p\u00e5 alle penge-, handels- og betalingstransaktioner, fysiske s\u00e5vel som digitale, imellem mennesker, maskiner, virksomheder osv. i alle handels- og servicerelaterede erhverv med deres varer- og ydelsesudbud, i s\u00e5vel indland som udland.<\/p>\n\n\n\n<p class=\"has-text-align-left\"><strong>Ordensmagten<\/strong><br><br>Politiet decentraliseres.<br><br>Politiet og dets ansatte tilknyttes de lokale kommuner hvor de er bosiddende. Kommunerne skal stille et lokalt politikontor i r\u00e5dighed i kommunen. Alternativt tilbydes den enkelte politiansatte at f\u00e5 hjemmekontor.<\/p>\n\n\n\n<p>S\u00e5ledes vil politiet igen blive decentraliseret og vi vil, alt andet lige f\u00e5 10570 lokale politikontorer i landet.<\/p>\n\n\n\n<p>Alle betjente vil fortsat samtidig v\u00e6re tilknyttet deres regionale politikontor.<\/p>\n\n\n\n<p><strong>Pengemagten<\/strong><\/p>\n\n\n\n<p>Folkestyrets Nationalbank etableres og vil fungere som Danmarks Centralbank \/ Danmarks Nationalbank hvor alle danskere eller herboende med et Dansk Cprnummer f\u00e5r oprettet en rente og gebyrfri foliekonto, hvor l\u00f8nninger, indskud, samt alle offentlige ind- og udbetalinger til borgerne m.v.. kan indskydes\/deponeres. Det er s\u00e5ledes gratis, gebyr og rentefrit at have en bankkonto i Danmark.  S\u00e5ledes kan danskerne samtidig v\u00e6lge at inds\u00e6tte &#8220;indl\u00e5ne&#8221; deres formuer som en opsparing i Danmark frem for i en almindelig uafh\u00e6ngig liberal funderet bank. <br><br>Det er selvf\u00f8lgelig muligt at h\u00e6ve alle sine penge og investere disse p\u00e5 de \u00e5bne finansielle markeder, herunder i uafh\u00e6ngige liberale selvst\u00e6ndige banker. <\/p>\n\n\n\n<p><strong>Skolev\u00e6sen<\/strong><br><br>Basal indl\u00e6ring og l\u00e6ring i Folkeskolen, herunder i Dansk, Retskrivning, Matematik m.fl. samt i f\u00e6rdighedsfag som sl\u00f8jd, h\u00e5ndgerning, husgerning, idr\u00e6t, gymnastik, sv\u00f8mning m.v. har igennem alt for mange \u00e5r, v\u00e6ret underprioriteret og tidsidesat, da den digitale tidsalder med dets automatisering af samfundet har taget over og bl\u00e6ndet befolkningen og derved reduceret de unges f\u00e6rdigheder, paratviden, praktiske h\u00e5ndelag, fysik m.v.<br><br>S\u00e5ledes indf\u00f8res den analoge folkeskole igen, analogt med det der sker i Frankring, netop for at sikre at vores b\u00f8rn og unge udrustets med viden, f\u00e6rdigheder og fysik der kan ruste dem til en indholdsrig og positiv fremtoning med gode muligheder for fremtiden efter folkeskolens udskoling. <\/p>\n\n\n\n<p><strong>\u00c6ldrepolitik<\/strong><\/p>\n\n\n\n<p>Ligesom med de unge s\u00e5 skal de \u00e6ldre aktiveres og involveres, s\u00e5ledes at deres hverdag, s\u00e5vel i eget hjem som p\u00e5 et \u00e6ldre- eller plejehjem, er indholdsrig og fyldt ud med positive oplevelser hvor de selv, stadigv\u00e6k, kan tage s\u00e5 meget s\u00e5 mulig ansvar for eget liv og helbred.<br>\u00c6ldre boliger b\u00f8r etableres i byn\u00e6re omr\u00e5der, hvor handelsliv og offentlige transport er hyppigt tilg\u00e6ngelig.  Ligeledes b\u00f8r der etableres ung-\u00e6ldre integrationsgrupper, hvor vuggestuer, b\u00f8rnehaver, folkeskoler m.v. i stor grad m\u00f8des og drager nytte af hinandens viden, n\u00e6rhed, k\u00e6rlighed og ikke mindst den umiddelbarhed der eksisterer p\u00e5 netop disse alderstrin.<\/p>\n\n\n\n<p>&#8230;.<\/p>\n","protected":false},"excerpt":{"rendered":"<p>Den Gr\u00f8nne Omstilling Den stadigt stigende befolkningstilv\u00e6kst i verdenssamfundene udg\u00f8r et st\u00f8rre og st\u00f8rre trussel mod vores eksistensgrundlag som helhed. Dette da det stigende antal mennesker p\u00e5 jorden tr\u00e6kker p\u00e5 flere og flere ressourcer og efterh\u00e5nden flere ressourcer end der er til r\u00e5dighed p\u00e5 jorden. S\u00e5ledes er vi n\u00f8d til straks at indf\u00f8re skrappe regler &hellip; <\/p>\n<p class=\"link-more\"><a href=\"https:\/\/folkestyret.dk\/danmark\/maerkesager\/\" class=\"more-link\">L\u00e6s videre<span class=\"screen-reader-text\"> &#8220;M\u00e6rkesager&#8221;<\/span><\/a><\/p>\n","protected":false},"author":1,"featured_media":0,"parent":0,"menu_order":0,"comment_status":"closed","ping_status":"closed","template":"","meta":{"footnotes":""},"class_list":["post-74","page","type-page","status-publish","hentry"],"_links":{"self":[{"href":"https:\/\/folkestyret.dk\/danmark\/wp-json\/wp\/v2\/pages\/74","targetHints":{"allow":["GET"]}}],"collection":[{"href":"https:\/\/folkestyret.dk\/danmark\/wp-json\/wp\/v2\/pages"}],"about":[{"href":"https:\/\/folkestyret.dk\/danmark\/wp-json\/wp\/v2\/types\/page"}],"author":[{"embeddable":true,"href":"https:\/\/folkestyret.dk\/danmark\/wp-json\/wp\/v2\/users\/1"}],"replies":[{"embeddable":true,"href":"https:\/\/folkestyret.dk\/danmark\/wp-json\/wp\/v2\/comments?post=74"}],"version-history":[{"count":10,"href":"https:\/\/folkestyret.dk\/danmark\/wp-json\/wp\/v2\/pages\/74\/revisions"}],"predecessor-version":[{"id":119,"href":"https:\/\/folkestyret.dk\/danmark\/wp-json\/wp\/v2\/pages\/74\/revisions\/119"}],"wp:attachment":[{"href":"https:\/\/folkestyret.dk\/danmark\/wp-json\/wp\/v2\/media?parent=74"}],"curies":[{"name":"wp","href":"https:\/\/api.w.org\/{rel}","templated":true}]}}