{"id":8,"date":"2020-10-30T10:57:17","date_gmt":"2020-10-30T10:57:17","guid":{"rendered":"https:\/\/folkestyret.dk\/danmark\/?page_id=8"},"modified":"2025-10-02T09:17:29","modified_gmt":"2025-10-02T09:17:29","slug":"kontakt","status":"publish","type":"page","link":"https:\/\/folkestyret.dk\/danmark\/kontakt\/","title":{"rendered":"Kontakt"},"content":{"rendered":"\n<p><strong>Gert Lassen<\/strong>&nbsp;KV25 Kandidat i Gribskov Kommune \u2026 l\u00e6s mere her;<\/p>\n\n\n\n<p><a href=\"https:\/\/www.facebook.com\/LassenGert\">https:\/\/www.facebook.com\/LassenGert<\/a><\/p>\n\n\n\n<p><strong>Folkestyret.dk<\/strong>\u2018s m\u00e6rkesager og debat indl\u00e6g mv. finder du her;<\/p>\n\n\n\n<p><a href=\"https:\/\/www.facebook.com\/profile.php?id=61553683960290\">https:\/\/www.facebook.com\/profile.php?id=61553683960290<\/a><\/p>\n\n\n\n<p><strong>Stem for Klima, Milj\u00f8 &amp; Natur-Lig-Vis Direkte Borger Demokrati<\/strong><\/p>\n\n\n\n<p><strong>Folkestyret.dk<\/strong><br>Maglebjergvej 22, \u00d8rby<br>3200 Helsinge<br><br>info@folkestyret.dk<br>+45 27 20 33 67<br><br><strong>Fremtiden er Nu&#8230;<\/strong><br><br>Gert Lassen<br><strong>Klima, Milj\u00f8 og Natur aktivist<\/strong><\/p>\n","protected":false},"excerpt":{"rendered":"<p>Gert Lassen&nbsp;KV25 Kandidat i Gribskov Kommune \u2026 l\u00e6s mere her; https:\/\/www.facebook.com\/LassenGert Folkestyret.dk\u2018s m\u00e6rkesager og debat indl\u00e6g mv. finder du her; https:\/\/www.facebook.com\/profile.php?id=61553683960290 Stem for Klima, Milj\u00f8 &amp; Natur-Lig-Vis Direkte Borger Demokrati Folkestyret.dkMaglebjergvej 22, \u00d8rby3200 Helsinge info@folkestyret.dk+45 27 20 33 67 Fremtiden er Nu&#8230; Gert LassenKlima, Milj\u00f8 og Natur aktivist<\/p>\n","protected":false},"author":1,"featured_media":0,"parent":0,"menu_order":0,"comment_status":"closed","ping_status":"closed","template":"","meta":{"footnotes":""},"class_list":["post-8","page","type-page","status-publish","hentry"],"_links":{"self":[{"href":"https:\/\/folkestyret.dk\/danmark\/wp-json\/wp\/v2\/pages\/8","targetHints":{"allow":["GET"]}}],"collection":[{"href":"https:\/\/folkestyret.dk\/danmark\/wp-json\/wp\/v2\/pages"}],"about":[{"href":"https:\/\/folkestyret.dk\/danmark\/wp-json\/wp\/v2\/types\/page"}],"author":[{"embeddable":true,"href":"https:\/\/folkestyret.dk\/danmark\/wp-json\/wp\/v2\/users\/1"}],"replies":[{"embeddable":true,"href":"https:\/\/folkestyret.dk\/danmark\/wp-json\/wp\/v2\/comments?post=8"}],"version-history":[{"count":6,"href":"https:\/\/folkestyret.dk\/danmark\/wp-json\/wp\/v2\/pages\/8\/revisions"}],"predecessor-version":[{"id":212,"href":"https:\/\/folkestyret.dk\/danmark\/wp-json\/wp\/v2\/pages\/8\/revisions\/212"}],"wp:attachment":[{"href":"https:\/\/folkestyret.dk\/danmark\/wp-json\/wp\/v2\/media?parent=8"}],"curies":[{"name":"wp","href":"https:\/\/api.w.org\/{rel}","templated":true}]}}