{"id":82,"date":"2020-11-06T12:27:51","date_gmt":"2020-11-06T12:27:51","guid":{"rendered":"https:\/\/folkestyret.dk\/danmark\/?page_id=82"},"modified":"2026-02-26T17:56:07","modified_gmt":"2026-02-26T17:56:07","slug":"de-10-ministerier","status":"publish","type":"page","link":"https:\/\/folkestyret.dk\/danmark\/de-10-ministerier\/","title":{"rendered":"De 10 Ministerier (kladde)"},"content":{"rendered":"\n<ul class=\"wp-block-list\"><li>Statsminister<\/li><li>F\u00f8devare- og Milj\u00f8minister<\/li><li>Udenrigs- og forsvarsminister<\/li><li>Indenrigs- og erhvervsminister<\/li><li>Justitsminister<\/li><li>\u00d8konomiminister<\/li><li>Finansminister<\/li><li>Social og Sundhedsminister<\/li><li>Uddannelse- og forskningsminister<br>Sport, Kultur og Kirkeminister<br><br>Inspirationskilde: https:\/\/www.admin.ch\/gov\/de\/start\/departemente.html<\/li><\/ul>\n","protected":false},"excerpt":{"rendered":"<p>Statsminister F\u00f8devare- og Milj\u00f8minister Udenrigs- og forsvarsminister Indenrigs- og erhvervsminister Justitsminister \u00d8konomiminister Finansminister Social og Sundhedsminister Uddannelse- og forskningsministerSport, Kultur og Kirkeminister Inspirationskilde: https:\/\/www.admin.ch\/gov\/de\/start\/departemente.html<\/p>\n","protected":false},"author":1,"featured_media":0,"parent":0,"menu_order":0,"comment_status":"closed","ping_status":"closed","template":"","meta":{"footnotes":""},"class_list":["post-82","page","type-page","status-publish","hentry"],"_links":{"self":[{"href":"https:\/\/folkestyret.dk\/danmark\/wp-json\/wp\/v2\/pages\/82","targetHints":{"allow":["GET"]}}],"collection":[{"href":"https:\/\/folkestyret.dk\/danmark\/wp-json\/wp\/v2\/pages"}],"about":[{"href":"https:\/\/folkestyret.dk\/danmark\/wp-json\/wp\/v2\/types\/page"}],"author":[{"embeddable":true,"href":"https:\/\/folkestyret.dk\/danmark\/wp-json\/wp\/v2\/users\/1"}],"replies":[{"embeddable":true,"href":"https:\/\/folkestyret.dk\/danmark\/wp-json\/wp\/v2\/comments?post=82"}],"version-history":[{"count":4,"href":"https:\/\/folkestyret.dk\/danmark\/wp-json\/wp\/v2\/pages\/82\/revisions"}],"predecessor-version":[{"id":99,"href":"https:\/\/folkestyret.dk\/danmark\/wp-json\/wp\/v2\/pages\/82\/revisions\/99"}],"wp:attachment":[{"href":"https:\/\/folkestyret.dk\/danmark\/wp-json\/wp\/v2\/media?parent=82"}],"curies":[{"name":"wp","href":"https:\/\/api.w.org\/{rel}","templated":true}]}}